{"id":2563,"date":"2024-05-19T16:48:41","date_gmt":"2024-05-19T14:48:41","guid":{"rendered":"https:\/\/air.ewidenz.it\/?page_id=2563"},"modified":"2024-06-01T14:35:15","modified_gmt":"2024-06-01T12:35:15","slug":"felgen","status":"publish","type":"page","link":"https:\/\/aircooled.it\/de\/felgen\/","title":{"rendered":"Felgen"},"content":{"rendered":"\t\t<div data-elementor-type=\"wp-page\" data-elementor-id=\"2563\" class=\"elementor elementor-2563\" data-elementor-post-type=\"page\">\n\t\t\t\t<div class=\"elementor-element elementor-element-22be1c4 e-flex e-con-boxed e-con e-parent\" data-id=\"22be1c4\" data-element_type=\"container\" data-settings=\"{&quot;background_background&quot;:&quot;classic&quot;}\">\n\t\t\t\t\t<div class=\"e-con-inner\">\n\t\t\t\t<div class=\"elementor-element elementor-element-5acd89b elementor-widget__width-initial elementor-invisible elementor-widget elementor-widget-heading\" data-id=\"5acd89b\" data-element_type=\"widget\" data-settings=\"{&quot;_animation&quot;:&quot;fadeInUp&quot;}\" data-widget_type=\"heading.default\">\n\t\t\t\t<div class=\"elementor-widget-container\">\n\t\t\t<style>\/*! elementor - v3.21.0 - 26-05-2024 *\/\n.elementor-heading-title{padding:0;margin:0;line-height:1}.elementor-widget-heading .elementor-heading-title[class*=elementor-size-]>a{color:inherit;font-size:inherit;line-height:inherit}.elementor-widget-heading .elementor-heading-title.elementor-size-small{font-size:15px}.elementor-widget-heading .elementor-heading-title.elementor-size-medium{font-size:19px}.elementor-widget-heading .elementor-heading-title.elementor-size-large{font-size:29px}.elementor-widget-heading .elementor-heading-title.elementor-size-xl{font-size:39px}.elementor-widget-heading .elementor-heading-title.elementor-size-xxl{font-size:59px}<\/style><h1 class=\"elementor-heading-title elementor-size-default\">Tecnomagnesio <span style=\"color: #E68A8A\">Felgen<\/span><\/h1>\t\t<\/div>\n\t\t\t\t<\/div>\n\t\t\t\t<div class=\"elementor-element elementor-element-4ed1de6 elementor-widget__width-initial elementor-widget elementor-widget-heading\" data-id=\"4ed1de6\" data-element_type=\"widget\" data-widget_type=\"heading.default\">\n\t\t\t\t<div class=\"elementor-widget-container\">\n\t\t\t<p class=\"elementor-heading-title elementor-size-default\">Perfektion, ma\u00dfgeschneidert f\u00fcr Ihren Porsche 356<\/p>\t\t<\/div>\n\t\t\t\t<\/div>\n\t\t\t\t\t<\/div>\n\t\t\t\t<\/div>\n\t\t<div class=\"elementor-element elementor-element-c958705 e-flex e-con-boxed e-con e-parent\" data-id=\"c958705\" data-element_type=\"container\" data-settings=\"{&quot;background_background&quot;:&quot;classic&quot;}\">\n\t\t\t\t\t<div class=\"e-con-inner\">\n\t\t<div class=\"elementor-element elementor-element-9484e9b e-con-full e-flex e-con e-child\" data-id=\"9484e9b\" data-element_type=\"container\">\n\t\t\t\t<div class=\"elementor-element elementor-element-2eb774e elementor-invisible elementor-widget elementor-widget-image\" data-id=\"2eb774e\" data-element_type=\"widget\" data-settings=\"{&quot;_animation&quot;:&quot;fadeInUp&quot;}\" data-widget_type=\"image.default\">\n\t\t\t\t<div class=\"elementor-widget-container\">\n\t\t\t<style>\/*! elementor - v3.21.0 - 26-05-2024 *\/\n.elementor-widget-image{text-align:center}.elementor-widget-image a{display:inline-block}.elementor-widget-image a img[src$=\".svg\"]{width:48px}.elementor-widget-image img{vertical-align:middle;display:inline-block}<\/style>\t\t\t\t\t\t\t\t\t\t<img fetchpriority=\"high\" decoding=\"async\" width=\"1024\" height=\"1024\" src=\"https:\/\/aircooled.it\/wp-content\/uploads\/2024\/05\/Aircooled-Tecnomagnesio-Ruote.jpg\" class=\"attachment-full size-full wp-image-2511\" alt=\"\" \/>\t\t\t\t\t\t\t\t\t\t\t\t\t<\/div>\n\t\t\t\t<\/div>\n\t\t\t\t<div class=\"elementor-element elementor-element-bcbfb60 elementor-widget__width-initial elementor-absolute elementor-invisible elementor-widget elementor-widget-counter\" data-id=\"bcbfb60\" data-element_type=\"widget\" data-settings=\"{&quot;_position&quot;:&quot;absolute&quot;,&quot;_animation&quot;:&quot;fadeInUp&quot;}\" data-widget_type=\"counter.default\">\n\t\t\t\t<div class=\"elementor-widget-container\">\n\t\t\t<style>\/*! elementor - v3.21.0 - 26-05-2024 *\/\n.elementor-counter{display:flex;justify-content:center;align-items:stretch;flex-direction:column-reverse}.elementor-counter .elementor-counter-number{flex-grow:var(--counter-number-grow,0)}.elementor-counter .elementor-counter-number-wrapper{flex:1;display:flex;font-size:69px;font-weight:600;line-height:1;text-align:center}.elementor-counter .elementor-counter-number-prefix{text-align:end;flex-grow:var(--counter-prefix-grow,1);white-space:pre-wrap}.elementor-counter .elementor-counter-number-suffix{text-align:start;flex-grow:var(--counter-suffix-grow,1);white-space:pre-wrap}.elementor-counter .elementor-counter-title{flex:1;display:flex;justify-content:center;align-items:center;margin:0;padding:0;font-size:19px;font-weight:400;line-height:2.5}<\/style>\t\t<div class=\"elementor-counter\">\n\t\t\t<div class=\"elementor-counter-title\">Zubeh\u00f6r und Ersatzteile<\/div>\t\t\t<div class=\"elementor-counter-number-wrapper\">\n\t\t\t\t<span class=\"elementor-counter-number-prefix\"><\/span>\n\t\t\t\t<span class=\"elementor-counter-number\" data-duration=\"2000\" data-to-value=\"5000\" data-from-value=\"0\" data-delimiter=\".\">0<\/span>\n\t\t\t\t<span class=\"elementor-counter-number-suffix\">+<\/span>\n\t\t\t<\/div>\n\t\t<\/div>\n\t\t\t\t<\/div>\n\t\t\t\t<\/div>\n\t\t\t\t<\/div>\n\t\t<div class=\"elementor-element elementor-element-c36df8a e-con-full e-flex e-con e-child\" data-id=\"c36df8a\" data-element_type=\"container\">\n\t\t\t\t<div class=\"elementor-element elementor-element-6e12b29 elementor-widget__width-initial elementor-widget-tablet__width-initial elementor-invisible elementor-widget elementor-widget-heading\" data-id=\"6e12b29\" data-element_type=\"widget\" data-settings=\"{&quot;_animation&quot;:&quot;fadeInUp&quot;}\" data-widget_type=\"heading.default\">\n\t\t\t\t<div class=\"elementor-widget-container\">\n\t\t\t<h2 class=\"elementor-heading-title elementor-size-default\">Eleganz und Leistung auf <nobr>vier R\u00e4dern<\/nobr><\/h2>\t\t<\/div>\n\t\t\t\t<\/div>\n\t\t\t\t<div class=\"elementor-element elementor-element-d4627b6 elementor-invisible elementor-widget elementor-widget-text-editor\" data-id=\"d4627b6\" data-element_type=\"widget\" data-settings=\"{&quot;_animation&quot;:&quot;fadeInUp&quot;}\" data-widget_type=\"text-editor.default\">\n\t\t\t\t<div class=\"elementor-widget-container\">\n\t\t\t<style>\/*! elementor - v3.21.0 - 26-05-2024 *\/\n.elementor-widget-text-editor.elementor-drop-cap-view-stacked .elementor-drop-cap{background-color:#69727d;color:#fff}.elementor-widget-text-editor.elementor-drop-cap-view-framed .elementor-drop-cap{color:#69727d;border:3px solid;background-color:transparent}.elementor-widget-text-editor:not(.elementor-drop-cap-view-default) .elementor-drop-cap{margin-top:8px}.elementor-widget-text-editor:not(.elementor-drop-cap-view-default) .elementor-drop-cap-letter{width:1em;height:1em}.elementor-widget-text-editor .elementor-drop-cap{float:left;text-align:center;line-height:1;font-size:50px}.elementor-widget-text-editor .elementor-drop-cap-letter{display:inline-block}<\/style>\t\t\t\t<p>Tecnomagnesio wurde 1964 in Bologna gegr\u00fcndet. Es hat sich im Laufe der Jahre durch die Teilnahme an zahlreichen Sportwettbewerben ausgezeichnet und Hochleistungsfelgen f\u00fcr offizielle Hersteller geliefert. In den 80er Jahren ben\u00f6tigten historische Rennwagen spezielle Felgen, und so wurde auf Wunsch der Fahrer die TECNOMAGNESIO-Felge speziell f\u00fcr den Porsche 356 entwickelt. Heute wird sie nach Originalzeichnungen, aber mit modernen Eigenschaften, reproduziert.<\/p>\t\t\t\t\t\t<\/div>\n\t\t\t\t<\/div>\n\t\t\t\t<\/div>\n\t\t\t\t\t<\/div>\n\t\t\t\t<\/div>\n\t\t<div class=\"elementor-element elementor-element-1991953 e-flex e-con-boxed e-con e-parent\" data-id=\"1991953\" data-element_type=\"container\" data-settings=\"{&quot;background_background&quot;:&quot;classic&quot;}\">\n\t\t\t\t\t<div class=\"e-con-inner\">\n\t\t<div class=\"elementor-element elementor-element-b341437 e-con-full e-flex e-con e-child\" data-id=\"b341437\" data-element_type=\"container\">\n\t\t\t\t<div class=\"elementor-element elementor-element-82302e5 elementor-widget__width-initial elementor-invisible elementor-widget elementor-widget-heading\" data-id=\"82302e5\" data-element_type=\"widget\" data-settings=\"{&quot;_animation&quot;:&quot;fadeInUp&quot;}\" data-widget_type=\"heading.default\">\n\t\t\t\t<div class=\"elementor-widget-container\">\n\t\t\t<h2 class=\"elementor-heading-title elementor-size-default\">Die Sch\u00f6nheit liegt im Detail.<\/h2>\t\t<\/div>\n\t\t\t\t<\/div>\n\t\t\t\t<\/div>\n\t\t\t\t\t<\/div>\n\t\t\t\t<\/div>\n\t\t<div class=\"elementor-element elementor-element-34b94e3 e-flex e-con-boxed e-con e-parent\" data-id=\"34b94e3\" data-element_type=\"container\" id=\"bremstrommel\" data-settings=\"{&quot;background_background&quot;:&quot;classic&quot;}\">\n\t\t\t\t\t<div class=\"e-con-inner\">\n\t\t<div class=\"elementor-element elementor-element-d874614 e-con-full e-flex e-con e-child\" data-id=\"d874614\" data-element_type=\"container\">\n\t\t\t\t<div class=\"elementor-element elementor-element-1c4d03e elementor-invisible elementor-widget elementor-widget-heading\" data-id=\"1c4d03e\" data-element_type=\"widget\" data-settings=\"{&quot;_animation&quot;:&quot;fadeInUp&quot;}\" data-widget_type=\"heading.default\">\n\t\t\t\t<div class=\"elementor-widget-container\">\n\t\t\t<h2 class=\"elementor-heading-title elementor-size-default\">Bremstrommel \u00dcberarbeitung<\/h2>\t\t<\/div>\n\t\t\t\t<\/div>\n\t\t\t\t<div class=\"elementor-element elementor-element-27e6cfc elementor-invisible elementor-widget elementor-widget-text-editor\" data-id=\"27e6cfc\" data-element_type=\"widget\" data-settings=\"{&quot;_animation&quot;:&quot;fadeInUp&quot;}\" data-widget_type=\"text-editor.default\">\n\t\t\t\t<div class=\"elementor-widget-container\">\n\t\t\t\t\t\t\t<p><strong>Der Service umfasst:<\/strong><\/p><ul><li>Austausch des Stahlrings und \u00e4u\u00dfere Bearbeitung f\u00fcr vordere und hintere Bremstrommeln.<\/li><li>\u00dcberpr\u00fcfung des Lagersitzes bei den vorderen Trommeln.<\/li><li>\u00dcberpr\u00fcfung der Nabe bei den hinteren Trommeln und ggf. deren Austausch.<\/li><\/ul><p>\u00a0<\/p>\t\t\t\t\t\t<\/div>\n\t\t\t\t<\/div>\n\t\t<div class=\"elementor-element elementor-element-b078631 e-flex e-con-boxed e-con e-child\" data-id=\"b078631\" data-element_type=\"container\">\n\t\t\t\t\t<div class=\"e-con-inner\">\n\t\t\t\t<div class=\"elementor-element elementor-element-9b2cda1 elementor-align-justify elementor-widget__width-initial elementor-widget-mobile__width-inherit elementor-invisible elementor-widget elementor-widget-button\" data-id=\"9b2cda1\" data-element_type=\"widget\" data-settings=\"{&quot;_animation&quot;:&quot;fadeInUp&quot;}\" data-widget_type=\"button.default\">\n\t\t\t\t<div class=\"elementor-widget-container\">\n\t\t\t\t\t<div class=\"elementor-button-wrapper\">\n\t\t\t<a class=\"elementor-button elementor-button-link elementor-size-sm\" href=\"#contact\">\n\t\t\t\t\t\t<span class=\"elementor-button-content-wrapper\">\n\t\t\t\t\t\t\t\t\t<span class=\"elementor-button-text\">Kontakt<\/span>\n\t\t\t\t\t<\/span>\n\t\t\t\t\t<\/a>\n\t\t<\/div>\n\t\t\t\t<\/div>\n\t\t\t\t<\/div>\n\t\t\t\t\t<\/div>\n\t\t\t\t<\/div>\n\t\t\t\t<\/div>\n\t\t<div class=\"elementor-element elementor-element-63acd89 e-con-full e-flex e-con e-child\" data-id=\"63acd89\" data-element_type=\"container\">\n\t\t\t\t<div class=\"elementor-element elementor-element-ba34b05 elementor-invisible elementor-widget elementor-widget-image\" data-id=\"ba34b05\" data-element_type=\"widget\" data-settings=\"{&quot;_animation&quot;:&quot;fadeInUp&quot;}\" data-widget_type=\"image.default\">\n\t\t\t\t<div class=\"elementor-widget-container\">\n\t\t\t\t\t\t\t\t\t\t\t\t\t<img decoding=\"async\" width=\"1024\" height=\"1024\" src=\"https:\/\/aircooled.it\/wp-content\/uploads\/2024\/05\/Aircooled-Tecnomagnesio-Revisione-tamburi.jpg\" class=\"attachment-full size-full wp-image-2517\" alt=\"\" \/>\t\t\t\t\t\t\t\t\t\t\t\t\t<\/div>\n\t\t\t\t<\/div>\n\t\t\t\t<\/div>\n\t\t\t\t\t<\/div>\n\t\t\t\t<\/div>\n\t\t<div class=\"elementor-element elementor-element-eac6f5e e-flex e-con-boxed e-con e-parent\" data-id=\"eac6f5e\" data-element_type=\"container\">\n\t\t\t\t\t<div class=\"e-con-inner\">\n\t\t<div class=\"elementor-element elementor-element-1f19270 e-flex e-con-boxed e-con e-child\" data-id=\"1f19270\" data-element_type=\"container\">\n\t\t\t\t\t<div class=\"e-con-inner\">\n\t\t<div class=\"elementor-element elementor-element-494f5f7 e-flex e-con-boxed elementor-invisible e-con e-child\" data-id=\"494f5f7\" data-element_type=\"container\" data-settings=\"{&quot;background_background&quot;:&quot;classic&quot;,&quot;animation&quot;:&quot;fadeInUp&quot;}\">\n\t\t\t\t\t<div class=\"e-con-inner\">\n\t\t\t\t\t<\/div>\n\t\t\t\t<\/div>\n\t\t<div class=\"elementor-element elementor-element-24d246e e-flex e-con-boxed elementor-invisible e-con e-child\" data-id=\"24d246e\" data-element_type=\"container\" data-settings=\"{&quot;background_background&quot;:&quot;classic&quot;,&quot;animation&quot;:&quot;fadeInUp&quot;,&quot;animation_delay&quot;:250}\">\n\t\t\t\t\t<div class=\"e-con-inner\">\n\t\t\t\t\t<\/div>\n\t\t\t\t<\/div>\n\t\t<div class=\"elementor-element elementor-element-b5c153b e-flex e-con-boxed elementor-invisible e-con e-child\" data-id=\"b5c153b\" data-element_type=\"container\" data-settings=\"{&quot;background_background&quot;:&quot;classic&quot;,&quot;animation&quot;:&quot;fadeInUp&quot;,&quot;animation_delay&quot;:500}\">\n\t\t\t\t\t<div class=\"e-con-inner\">\n\t\t\t\t\t<\/div>\n\t\t\t\t<\/div>\n\t\t\t\t\t<\/div>\n\t\t\t\t<\/div>\n\t\t\t\t\t<\/div>\n\t\t\t\t<\/div>\n\t\t\t\t<\/div>\n\t\t","protected":false},"excerpt":{"rendered":"<p>Tecnomagnesio Felgen Perfektion, ma\u00dfgeschneidert f\u00fcr Ihren Porsche 356 Zubeh\u00f6r und Ersatzteile 0 + Eleganz und Leistung auf vier R\u00e4dern Tecnomagnesio wurde 1964 in Bologna gegr\u00fcndet. Es hat sich im Laufe der Jahre durch die Teilnahme an zahlreichen Sportwettbewerben ausgezeichnet und Hochleistungsfelgen f\u00fcr offizielle Hersteller geliefert. In den 80er Jahren ben\u00f6tigten historische Rennwagen spezielle Felgen, und [&hellip;]<\/p>\n","protected":false},"author":2,"featured_media":0,"parent":0,"menu_order":4,"comment_status":"closed","ping_status":"closed","template":"","meta":{"footnotes":""},"_links":{"self":[{"href":"https:\/\/aircooled.it\/de\/wp-json\/wp\/v2\/pages\/2563"}],"collection":[{"href":"https:\/\/aircooled.it\/de\/wp-json\/wp\/v2\/pages"}],"about":[{"href":"https:\/\/aircooled.it\/de\/wp-json\/wp\/v2\/types\/page"}],"author":[{"embeddable":true,"href":"https:\/\/aircooled.it\/de\/wp-json\/wp\/v2\/users\/2"}],"replies":[{"embeddable":true,"href":"https:\/\/aircooled.it\/de\/wp-json\/wp\/v2\/comments?post=2563"}],"version-history":[{"count":0,"href":"https:\/\/aircooled.it\/de\/wp-json\/wp\/v2\/pages\/2563\/revisions"}],"wp:attachment":[{"href":"https:\/\/aircooled.it\/de\/wp-json\/wp\/v2\/media?parent=2563"}],"curies":[{"name":"wp","href":"https:\/\/api.w.org\/{rel}","templated":true}]}}