{"id":2558,"date":"2024-05-19T16:48:15","date_gmt":"2024-05-19T14:48:15","guid":{"rendered":"https:\/\/air.ewidenz.it\/?page_id=2558"},"modified":"2024-06-01T14:35:00","modified_gmt":"2024-06-01T12:35:00","slug":"ersatzteile-und-zubehoer","status":"publish","type":"page","link":"https:\/\/aircooled.it\/de\/ersatzteile-und-zubehoer\/","title":{"rendered":"Ersatzteile und Zubeh\u00f6r"},"content":{"rendered":"\t\t<div data-elementor-type=\"wp-page\" data-elementor-id=\"2558\" class=\"elementor elementor-2558\" data-elementor-post-type=\"page\">\n\t\t\t\t<div class=\"elementor-element elementor-element-fcb67fe e-flex e-con-boxed e-con e-parent\" data-id=\"fcb67fe\" data-element_type=\"container\" data-settings=\"{&quot;background_background&quot;:&quot;classic&quot;}\">\n\t\t\t\t\t<div class=\"e-con-inner\">\n\t\t\t\t<div class=\"elementor-element elementor-element-2763dbe elementor-widget__width-initial elementor-invisible elementor-widget elementor-widget-heading\" data-id=\"2763dbe\" data-element_type=\"widget\" data-settings=\"{&quot;_animation&quot;:&quot;fadeInUp&quot;}\" data-widget_type=\"heading.default\">\n\t\t\t\t<div class=\"elementor-widget-container\">\n\t\t\t<style>\/*! elementor - v3.21.0 - 26-05-2024 *\/\n.elementor-heading-title{padding:0;margin:0;line-height:1}.elementor-widget-heading .elementor-heading-title[class*=elementor-size-]>a{color:inherit;font-size:inherit;line-height:inherit}.elementor-widget-heading .elementor-heading-title.elementor-size-small{font-size:15px}.elementor-widget-heading .elementor-heading-title.elementor-size-medium{font-size:19px}.elementor-widget-heading .elementor-heading-title.elementor-size-large{font-size:29px}.elementor-widget-heading .elementor-heading-title.elementor-size-xl{font-size:39px}.elementor-widget-heading .elementor-heading-title.elementor-size-xxl{font-size:59px}<\/style><h1 class=\"elementor-heading-title elementor-size-default\">Ersatzteile und Zubeh\u00f6r f\u00fcr <span style=\"color: #E68A8A\"><nobr>Porsche 356<\/nobr><\/span><\/h1>\t\t<\/div>\n\t\t\t\t<\/div>\n\t\t\t\t<div class=\"elementor-element elementor-element-71d3575 elementor-widget__width-initial elementor-widget elementor-widget-heading\" data-id=\"71d3575\" data-element_type=\"widget\" data-widget_type=\"heading.default\">\n\t\t\t\t<div class=\"elementor-widget-container\">\n\t\t\t<p class=\"elementor-heading-title elementor-size-default\">Originalteile und hochwertige Nachbildungen f\u00fcr eine perfekte Restaurierung<\/p>\t\t<\/div>\n\t\t\t\t<\/div>\n\t\t\t\t\t<\/div>\n\t\t\t\t<\/div>\n\t\t<div class=\"elementor-element elementor-element-fb1f619 e-flex e-con-boxed e-con e-parent\" data-id=\"fb1f619\" data-element_type=\"container\" data-settings=\"{&quot;background_background&quot;:&quot;classic&quot;}\">\n\t\t\t\t\t<div class=\"e-con-inner\">\n\t\t<div class=\"elementor-element elementor-element-3dc7079 e-con-full e-flex e-con e-child\" data-id=\"3dc7079\" data-element_type=\"container\">\n\t\t\t\t<div class=\"elementor-element elementor-element-c078f85 elementor-invisible elementor-widget elementor-widget-image\" data-id=\"c078f85\" data-element_type=\"widget\" data-settings=\"{&quot;_animation&quot;:&quot;fadeInUp&quot;}\" data-widget_type=\"image.default\">\n\t\t\t\t<div class=\"elementor-widget-container\">\n\t\t\t<style>\/*! elementor - v3.21.0 - 26-05-2024 *\/\n.elementor-widget-image{text-align:center}.elementor-widget-image a{display:inline-block}.elementor-widget-image a img[src$=\".svg\"]{width:48px}.elementor-widget-image img{vertical-align:middle;display:inline-block}<\/style>\t\t\t\t\t\t\t\t\t\t<img fetchpriority=\"high\" decoding=\"async\" width=\"1024\" height=\"1024\" src=\"https:\/\/aircooled.it\/wp-content\/uploads\/2024\/05\/Aircooled-Ricambi-e-accessori-Qualita.jpg\" class=\"attachment-full size-full wp-image-2499\" alt=\"\" \/>\t\t\t\t\t\t\t\t\t\t\t\t\t<\/div>\n\t\t\t\t<\/div>\n\t\t\t\t<div class=\"elementor-element elementor-element-90c378d elementor-widget__width-initial elementor-absolute elementor-invisible elementor-widget elementor-widget-counter\" data-id=\"90c378d\" data-element_type=\"widget\" data-settings=\"{&quot;_position&quot;:&quot;absolute&quot;,&quot;_animation&quot;:&quot;fadeInUp&quot;}\" data-widget_type=\"counter.default\">\n\t\t\t\t<div class=\"elementor-widget-container\">\n\t\t\t<style>\/*! elementor - v3.21.0 - 26-05-2024 *\/\n.elementor-counter{display:flex;justify-content:center;align-items:stretch;flex-direction:column-reverse}.elementor-counter .elementor-counter-number{flex-grow:var(--counter-number-grow,0)}.elementor-counter .elementor-counter-number-wrapper{flex:1;display:flex;font-size:69px;font-weight:600;line-height:1;text-align:center}.elementor-counter .elementor-counter-number-prefix{text-align:end;flex-grow:var(--counter-prefix-grow,1);white-space:pre-wrap}.elementor-counter .elementor-counter-number-suffix{text-align:start;flex-grow:var(--counter-suffix-grow,1);white-space:pre-wrap}.elementor-counter .elementor-counter-title{flex:1;display:flex;justify-content:center;align-items:center;margin:0;padding:0;font-size:19px;font-weight:400;line-height:2.5}<\/style>\t\t<div class=\"elementor-counter\">\n\t\t\t<div class=\"elementor-counter-title\">Zubeh\u00f6r und Ersatzteile<\/div>\t\t\t<div class=\"elementor-counter-number-wrapper\">\n\t\t\t\t<span class=\"elementor-counter-number-prefix\"><\/span>\n\t\t\t\t<span class=\"elementor-counter-number\" data-duration=\"2000\" data-to-value=\"5000\" data-from-value=\"0\" data-delimiter=\".\">0<\/span>\n\t\t\t\t<span class=\"elementor-counter-number-suffix\">+<\/span>\n\t\t\t<\/div>\n\t\t<\/div>\n\t\t\t\t<\/div>\n\t\t\t\t<\/div>\n\t\t\t\t<\/div>\n\t\t<div class=\"elementor-element elementor-element-72d86c8 e-con-full e-flex e-con e-child\" data-id=\"72d86c8\" data-element_type=\"container\">\n\t\t\t\t<div class=\"elementor-element elementor-element-016e048 elementor-invisible elementor-widget elementor-widget-heading\" data-id=\"016e048\" data-element_type=\"widget\" data-settings=\"{&quot;_animation&quot;:&quot;fadeInUp&quot;}\" data-widget_type=\"heading.default\">\n\t\t\t\t<div class=\"elementor-widget-container\">\n\t\t\t<h2 class=\"elementor-heading-title elementor-size-default\">Authentizit\u00e4t und Qualit\u00e4t ohne Kompromisse<\/h2>\t\t<\/div>\n\t\t\t\t<\/div>\n\t\t\t\t<div class=\"elementor-element elementor-element-73ebeca elementor-invisible elementor-widget elementor-widget-text-editor\" data-id=\"73ebeca\" data-element_type=\"widget\" data-settings=\"{&quot;_animation&quot;:&quot;fadeInUp&quot;}\" data-widget_type=\"text-editor.default\">\n\t\t\t\t<div class=\"elementor-widget-container\">\n\t\t\t<style>\/*! elementor - v3.21.0 - 26-05-2024 *\/\n.elementor-widget-text-editor.elementor-drop-cap-view-stacked .elementor-drop-cap{background-color:#69727d;color:#fff}.elementor-widget-text-editor.elementor-drop-cap-view-framed .elementor-drop-cap{color:#69727d;border:3px solid;background-color:transparent}.elementor-widget-text-editor:not(.elementor-drop-cap-view-default) .elementor-drop-cap{margin-top:8px}.elementor-widget-text-editor:not(.elementor-drop-cap-view-default) .elementor-drop-cap-letter{width:1em;height:1em}.elementor-widget-text-editor .elementor-drop-cap{float:left;text-align:center;line-height:1;font-size:50px}.elementor-widget-text-editor .elementor-drop-cap-letter{display:inline-block}<\/style>\t\t\t\t<p>Jedes von uns angebotene Ersatzteil und Zubeh\u00f6r f\u00fcr den Porsche 356 wird sorgf\u00e4ltig ausgew\u00e4hlt, um Authentizit\u00e4t und hohe Qualit\u00e4t zu garantieren. Von Originalteilen bis zu originalgetreuen Nachbildungen bieten wir nur das Beste, um sicherzustellen, dass die Restaurierung Ihres Fahrzeugs makellos und langlebig ist. Unser Sortiment umfasst fast alles, was Sie ben\u00f6tigen, um Ihren Porsche 356 in seinen urspr\u00fcnglichen Glanz zu versetzen.<\/p>\t\t\t\t\t\t<\/div>\n\t\t\t\t<\/div>\n\t\t\t\t<\/div>\n\t\t\t\t\t<\/div>\n\t\t\t\t<\/div>\n\t\t<div class=\"elementor-element elementor-element-8ac674b e-flex e-con-boxed e-con e-parent\" data-id=\"8ac674b\" data-element_type=\"container\" data-settings=\"{&quot;background_background&quot;:&quot;classic&quot;}\">\n\t\t\t\t\t<div class=\"e-con-inner\">\n\t\t<div class=\"elementor-element elementor-element-094144e e-con-full e-flex e-con e-child\" data-id=\"094144e\" data-element_type=\"container\">\n\t\t\t\t<\/div>\n\t\t\t\t\t<\/div>\n\t\t\t\t<\/div>\n\t\t<div class=\"elementor-element elementor-element-45cccea e-flex e-con-boxed e-con e-parent\" data-id=\"45cccea\" data-element_type=\"container\" data-settings=\"{&quot;background_background&quot;:&quot;classic&quot;}\">\n\t\t\t\t\t<div class=\"e-con-inner\">\n\t\t<div class=\"elementor-element elementor-element-5330b04 e-flex e-con-boxed e-con e-child\" data-id=\"5330b04\" data-element_type=\"container\">\n\t\t\t\t\t<div class=\"e-con-inner\">\n\t\t<div class=\"elementor-element elementor-element-de79179 e-con-full e-flex e-con e-child\" data-id=\"de79179\" data-element_type=\"container\">\n\t\t\t\t<div class=\"elementor-element elementor-element-a30c505 elementor-widget__width-initial elementor-invisible elementor-widget elementor-widget-heading\" data-id=\"a30c505\" data-element_type=\"widget\" data-settings=\"{&quot;_animation&quot;:&quot;fadeInUp&quot;}\" data-widget_type=\"heading.default\">\n\t\t\t\t<div class=\"elementor-widget-container\">\n\t\t\t<h1 class=\"elementor-heading-title elementor-size-default\"><span style=\"color: #C8455A\">Ersatzteile f\u00fcr<\/span> <nobr>Porsche 356<\/nobr><\/h1>\t\t<\/div>\n\t\t\t\t<\/div>\n\t\t\t\t<\/div>\n\t\t<div class=\"elementor-element elementor-element-ab7af7a e-con-full e-flex e-con e-child\" data-id=\"ab7af7a\" data-element_type=\"container\">\n\t\t\t\t<div class=\"elementor-element elementor-element-521f3ab elementor-invisible elementor-widget elementor-widget-heading\" data-id=\"521f3ab\" data-element_type=\"widget\" data-settings=\"{&quot;_animation&quot;:&quot;fadeInUp&quot;}\" data-widget_type=\"heading.default\">\n\t\t\t\t<div class=\"elementor-widget-container\">\n\t\t\t<h2 class=\"elementor-heading-title elementor-size-default\">AIRCOOLED bem\u00fcht sich, nur Ersatzteile f\u00fcr den Porsche 356 zu liefern, die direkt von zuverl\u00e4ssigen und anerkannten Lieferanten stammen. Dies stellt sicher, dass jede angebotene Komponente den geforderten Qualit\u00e4ts- und Authentizit\u00e4tsstandards entspricht, um die Exzellenz dieser historischen Fahrzeuge zu bewahren.<\/h2>\t\t<\/div>\n\t\t\t\t<\/div>\n\t\t\t\t<\/div>\n\t\t\t\t\t<\/div>\n\t\t\t\t<\/div>\n\t\t<div class=\"elementor-element elementor-element-8c126ee e-flex e-con-boxed e-con e-child\" data-id=\"8c126ee\" data-element_type=\"container\">\n\t\t\t\t\t<div class=\"e-con-inner\">\n\t\t<div class=\"elementor-element elementor-element-f91e2e4 e-flex e-con-boxed elementor-invisible e-con e-child\" data-id=\"f91e2e4\" data-element_type=\"container\" data-settings=\"{&quot;background_background&quot;:&quot;classic&quot;,&quot;animation&quot;:&quot;fadeInUp&quot;}\">\n\t\t\t\t\t<div class=\"e-con-inner\">\n\t\t\t\t\t<\/div>\n\t\t\t\t<\/div>\n\t\t<div class=\"elementor-element elementor-element-392a329 e-flex e-con-boxed elementor-invisible e-con e-child\" data-id=\"392a329\" data-element_type=\"container\" data-settings=\"{&quot;background_background&quot;:&quot;classic&quot;,&quot;animation&quot;:&quot;fadeInUp&quot;,&quot;animation_delay&quot;:250}\">\n\t\t\t\t\t<div class=\"e-con-inner\">\n\t\t\t\t\t<\/div>\n\t\t\t\t<\/div>\n\t\t<div class=\"elementor-element elementor-element-13cb57a e-flex e-con-boxed elementor-invisible e-con e-child\" data-id=\"13cb57a\" data-element_type=\"container\" data-settings=\"{&quot;background_background&quot;:&quot;classic&quot;,&quot;animation&quot;:&quot;fadeInUp&quot;,&quot;animation_delay&quot;:500}\">\n\t\t\t\t\t<div class=\"e-con-inner\">\n\t\t\t\t\t<\/div>\n\t\t\t\t<\/div>\n\t\t\t\t\t<\/div>\n\t\t\t\t<\/div>\n\t\t<div class=\"elementor-element elementor-element-faebaba e-flex e-con-boxed e-con e-child\" data-id=\"faebaba\" data-element_type=\"container\">\n\t\t\t\t\t<div class=\"e-con-inner\">\n\t\t<div class=\"elementor-element elementor-element-6206671 e-flex e-con-boxed elementor-invisible e-con e-child\" data-id=\"6206671\" data-element_type=\"container\" data-settings=\"{&quot;background_background&quot;:&quot;classic&quot;,&quot;animation&quot;:&quot;fadeInUp&quot;}\">\n\t\t\t\t\t<div class=\"e-con-inner\">\n\t\t\t\t\t<\/div>\n\t\t\t\t<\/div>\n\t\t<div class=\"elementor-element elementor-element-acec8e6 e-flex e-con-boxed elementor-invisible e-con e-child\" data-id=\"acec8e6\" data-element_type=\"container\" data-settings=\"{&quot;background_background&quot;:&quot;classic&quot;,&quot;animation&quot;:&quot;fadeInUp&quot;,&quot;animation_delay&quot;:250}\">\n\t\t\t\t\t<div class=\"e-con-inner\">\n\t\t\t\t\t<\/div>\n\t\t\t\t<\/div>\n\t\t<div class=\"elementor-element elementor-element-b9acf6e e-flex e-con-boxed elementor-invisible e-con e-child\" data-id=\"b9acf6e\" data-element_type=\"container\" data-settings=\"{&quot;background_background&quot;:&quot;classic&quot;,&quot;animation&quot;:&quot;fadeInUp&quot;,&quot;animation_delay&quot;:500}\">\n\t\t\t\t\t<div class=\"e-con-inner\">\n\t\t\t\t\t<\/div>\n\t\t\t\t<\/div>\n\t\t\t\t\t<\/div>\n\t\t\t\t<\/div>\n\t\t\t\t\t<\/div>\n\t\t\t\t<\/div>\n\t\t<div class=\"elementor-element elementor-element-7b8e49a e-flex e-con-boxed e-con e-parent\" data-id=\"7b8e49a\" data-element_type=\"container\" data-settings=\"{&quot;background_background&quot;:&quot;classic&quot;}\">\n\t\t\t\t\t<div class=\"e-con-inner\">\n\t\t<div class=\"elementor-element elementor-element-9cad8b7 e-con-full e-flex e-con e-child\" data-id=\"9cad8b7\" data-element_type=\"container\">\n\t\t\t\t<div class=\"elementor-element elementor-element-f9b0b83 elementor-widget__width-initial elementor-invisible elementor-widget elementor-widget-heading\" data-id=\"f9b0b83\" data-element_type=\"widget\" data-settings=\"{&quot;_animation&quot;:&quot;fadeInUp&quot;}\" data-widget_type=\"heading.default\">\n\t\t\t\t<div class=\"elementor-widget-container\">\n\t\t\t<h2 class=\"elementor-heading-title elementor-size-default\">Die Sch\u00f6nheit liegt im Detail.<\/h2>\t\t<\/div>\n\t\t\t\t<\/div>\n\t\t\t\t<\/div>\n\t\t\t\t\t<\/div>\n\t\t\t\t<\/div>\n\t\t\t\t<\/div>\n\t\t","protected":false},"excerpt":{"rendered":"<p>Ersatzteile und Zubeh\u00f6r f\u00fcr Porsche 356 Originalteile und hochwertige Nachbildungen f\u00fcr eine perfekte Restaurierung Zubeh\u00f6r und Ersatzteile 0 + Authentizit\u00e4t und Qualit\u00e4t ohne Kompromisse Jedes von uns angebotene Ersatzteil und Zubeh\u00f6r f\u00fcr den Porsche 356 wird sorgf\u00e4ltig ausgew\u00e4hlt, um Authentizit\u00e4t und hohe Qualit\u00e4t zu garantieren. Von Originalteilen bis zu originalgetreuen Nachbildungen bieten wir nur das [&hellip;]<\/p>\n","protected":false},"author":2,"featured_media":0,"parent":0,"menu_order":3,"comment_status":"closed","ping_status":"closed","template":"","meta":{"footnotes":""},"_links":{"self":[{"href":"https:\/\/aircooled.it\/de\/wp-json\/wp\/v2\/pages\/2558"}],"collection":[{"href":"https:\/\/aircooled.it\/de\/wp-json\/wp\/v2\/pages"}],"about":[{"href":"https:\/\/aircooled.it\/de\/wp-json\/wp\/v2\/types\/page"}],"author":[{"embeddable":true,"href":"https:\/\/aircooled.it\/de\/wp-json\/wp\/v2\/users\/2"}],"replies":[{"embeddable":true,"href":"https:\/\/aircooled.it\/de\/wp-json\/wp\/v2\/comments?post=2558"}],"version-history":[{"count":0,"href":"https:\/\/aircooled.it\/de\/wp-json\/wp\/v2\/pages\/2558\/revisions"}],"wp:attachment":[{"href":"https:\/\/aircooled.it\/de\/wp-json\/wp\/v2\/media?parent=2558"}],"curies":[{"name":"wp","href":"https:\/\/api.w.org\/{rel}","templated":true}]}}